{"id":16646,"date":"2019-10-30T15:47:30","date_gmt":"2019-10-30T14:47:30","guid":{"rendered":"https:\/\/top10crowdfund.nl\/crowdfunding-scan\/"},"modified":"2019-10-30T15:47:31","modified_gmt":"2019-10-30T14:47:31","slug":"crowdfunding-scan","status":"publish","type":"page","link":"https:\/\/top10crowdfund.nl\/de\/crowdfunding-scan\/","title":{"rendered":"Crowdfunding Scan"},"content":{"rendered":"<div class=\"wpb-content-wrapper\"><p>[vc_row][vc_column][vc_raw_html]PGlmcmFtZSBzcmM9Imh0dHBzOi8vZG9jcy5nb29nbGUuY29tL2Zvcm1zL2QvZS8xRkFJcFFMU2QtMmRqRGxLRTNaXzBNSWc1N2xObzZkREVyNFBjX3VqNTV6S2RMdGN3cHRGT3Bndy92aWV3Zm9ybT9lbWJlZGRlZD10cnVlIiB3aWR0aD0iMTAwJSIgaGVpZ2h0PSIxOTg0IiBmcmFtZWJvcmRlcj0iMCIgbWFyZ2lud2lkdGg9IjAiIG1hcmdpbmhlaWdodD0iMCI+TG9hZGluZ+KApjwvaWZyYW1lPg==[\/vc_raw_html][vc_column_text]<span data-sheets-value=\"{&quot;1&quot;:2,&quot;2&quot;:&quot;\\&quot;Der Crowdfunding-Scan ist ein Werkzeug, um einen schnellen \u00dcberblick dar\u00fcber zu erhalten, welche Plattform f\u00fcr Sie geeignet ist, wenn Sie nach einer Finanzierung suchen. Dazu geh\u00f6rt auch, den Zweck der Finanzierung zu betrachten, wie viel Geld Sie sammeln wollen und welche Art von Finanzierung Sie wollen. Wenn Sie mehr \u00fcber Crowdfunding wissen m\u00f6chten oder wenn Sie Fragen haben, besuchen Sie unsere Seite \u00fcber Crowdfunding und vielleicht ist Ihre Frage hier aufgef\u00fchrt.\\n\\n\\&quot;&quot;}\" data-sheets-userformat=\"{&quot;2&quot;:14593,&quot;3&quot;:{&quot;1&quot;:0,&quot;3&quot;:1},&quot;11&quot;:4,&quot;14&quot;:[null,2,0],&quot;15&quot;:&quot;Arial&quot;,&quot;16&quot;:10}\">Der Crowdfunding-Scan ist ein Werkzeug, um einen schnellen \u00dcberblick dar\u00fcber zu erhalten, welche Plattform f\u00fcr Sie geeignet ist, wenn Sie nach einer Finanzierung suchen. Dazu geh\u00f6rt auch, den Zweck der Finanzierung zu betrachten, wie viel Geld Sie sammeln wollen und welche Art von Finanzierung Sie wollen. Wenn Sie mehr \u00fcber Crowdfunding wissen m\u00f6chten oder wenn Sie Fragen haben, besuchen Sie unsere <a href=\"https:\/\/de.top10crowdfund.com\/was-ist-crowdfunding\/\" target=\"_blank\" rel=\"noopener\">Seite \u00fcber Crowdfunding<\/a> und vielleicht ist Ihre Frage hier aufgef\u00fchrt.<br \/>\n<\/span>[\/vc_column_text][\/vc_column][\/vc_row]<\/p>\n<\/div>","protected":false},"excerpt":{"rendered":"<p>[vc_row][vc_column][vc_raw_html]PGlmcmFtZSBzcmM9Imh0dHBzOi8vZG9jcy5nb29nbGUuY29tL2Zvcm1zL2QvZS8xRkFJcFFMU2QtMmRqRGxLRTNaXzBNSWc1N2xObzZkREVyNFBjX3VqNTV6S2RMdGN3cHRGT3Bndy92aWV3Zm9ybT9lbWJlZGRlZD10cnVlIiB3aWR0aD0iMTAwJSIgaGVpZ2h0PSIxOTg0IiBmcmFtZWJvcmRlcj0iMCIgbWFyZ2lud2lkdGg9IjAiIG1hcmdpbmhlaWdodD0iMCI+TG9hZGluZ+KApjwvaWZyYW1lPg==[\/vc_raw_html][vc_column_text]Der Crowdfunding-Scan ist ein Werkzeug, um einen schnellen \u00dcberblick dar\u00fcber zu erhalten, welche Plattform f\u00fcr Sie geeignet ist, wenn Sie nach einer Finanzierung suchen. Dazu geh\u00f6rt auch, den Zweck der Finanzierung zu betrachten, wie viel Geld Sie sammeln wollen und welche Art von Finanzierung Sie wollen. Wenn Sie mehr \u00fcber Crowdfunding wissen m\u00f6chten oder wenn&hellip;<\/p>\n","protected":false},"author":3,"featured_media":0,"parent":0,"menu_order":0,"comment_status":"closed","ping_status":"closed","template":"","meta":{"inline_featured_image":false,"footnotes":""},"class_list":["post-16646","page","type-page","status-publish","hentry","description-off"],"_links":{"self":[{"href":"https:\/\/top10crowdfund.nl\/de\/wp-json\/wp\/v2\/pages\/16646","targetHints":{"allow":["GET"]}}],"collection":[{"href":"https:\/\/top10crowdfund.nl\/de\/wp-json\/wp\/v2\/pages"}],"about":[{"href":"https:\/\/top10crowdfund.nl\/de\/wp-json\/wp\/v2\/types\/page"}],"author":[{"embeddable":true,"href":"https:\/\/top10crowdfund.nl\/de\/wp-json\/wp\/v2\/users\/3"}],"replies":[{"embeddable":true,"href":"https:\/\/top10crowdfund.nl\/de\/wp-json\/wp\/v2\/comments?post=16646"}],"version-history":[{"count":0,"href":"https:\/\/top10crowdfund.nl\/de\/wp-json\/wp\/v2\/pages\/16646\/revisions"}],"wp:attachment":[{"href":"https:\/\/top10crowdfund.nl\/de\/wp-json\/wp\/v2\/media?parent=16646"}],"curies":[{"name":"wp","href":"https:\/\/api.w.org\/{rel}","templated":true}]}}